{"id":1094,"date":"2025-09-08T11:42:50","date_gmt":"2025-09-08T09:42:50","guid":{"rendered":"https:\/\/eweld.pl\/?page_id=1094"},"modified":"2026-01-22T10:48:15","modified_gmt":"2026-01-22T09:48:15","slug":"create-your-brief","status":"publish","type":"page","link":"https:\/\/eweld.pl\/en\/create-your-brief\/","title":{"rendered":"Brief"},"content":{"rendered":"\n<div class=\"wp-block-columns is-layout-flex wp-container-core-columns-is-layout-9d6595d7 wp-block-columns-is-layout-flex\">\n<div class=\"wp-block-column is-layout-flow wp-block-column-is-layout-flow\">\n<p>The following form is a set of essential questions that will help us better understand your needs and expectations regarding your exhibition stand. Based on this information, we will propose solutions fully tailored to your brand\u2019s character, the stand\u2019s functions, and your budget \u2013 both from a technical and visual perspective.<\/p>\n\n\n\n<p>Completing the brief may also open new perspectives and highlight aspects that could have been overlooked during the planning stage. Our goal is to create not only a functional spacer but also an eye-catching design that will make you stand out from the competition.<\/p>\n\n\n\n<p>Do you prefer a print-ready version? <a href=\"https:\/\/eweld.pl\/wp-content\/uploads\/2025\/10\/BRIEF_print-EN.pdf\" target=\"_blank\" rel=\"noreferrer noopener\">DOWNLOAD PDF<\/a><\/p>\n\n\n\n<div class=\"wpcf7 no-js\" id=\"wpcf7-f2148-o1\" lang=\"pl-PL\" dir=\"ltr\" data-wpcf7-id=\"2148\">\n<div class=\"screen-reader-response\"><p role=\"status\" aria-live=\"polite\" aria-atomic=\"true\"><\/p> <ul><\/ul><\/div>\n<form action=\"\/en\/wp-json\/wp\/v2\/pages\/1094#wpcf7-f2148-o1\" method=\"post\" class=\"wpcf7-form init\" aria-label=\"Formularz kontaktowy\" novalidate=\"novalidate\" data-status=\"init\">\n<fieldset class=\"hidden-fields-container\"><input type=\"hidden\" name=\"_wpcf7\" value=\"2148\" \/><input type=\"hidden\" name=\"_wpcf7_version\" value=\"6.1.5\" \/><input type=\"hidden\" name=\"_wpcf7_locale\" value=\"pl_PL\" \/><input type=\"hidden\" name=\"_wpcf7_unit_tag\" value=\"wpcf7-f2148-o1\" \/><input type=\"hidden\" name=\"_wpcf7_container_post\" value=\"0\" \/><input type=\"hidden\" name=\"_wpcf7_posted_data_hash\" value=\"\" \/>\n<\/fieldset>\n<div class=\"c360-contact c360-brief\">\n\n  <!-- 1. General Information -->\n  <fieldset class=\"c360-group\">\n    <legend>1. General Information<\/legend>\n\n    <span class=\"wpcf7-form-control-wrap\" data-name=\"company-name\"><input size=\"40\" maxlength=\"400\" class=\"wpcf7-form-control wpcf7-text wpcf7-validates-as-required c360-field\" aria-required=\"true\" aria-invalid=\"false\" placeholder=\"Company name*\" value=\"\" type=\"text\" name=\"company-name\" \/><\/span>\n\n    <div class=\"c360-grid c360-two\">\n      <span class=\"wpcf7-form-control-wrap\" data-name=\"industry\"><input size=\"40\" maxlength=\"400\" class=\"wpcf7-form-control wpcf7-text wpcf7-validates-as-required c360-field\" aria-required=\"true\" aria-invalid=\"false\" placeholder=\"Industry \/ business profile*\" value=\"\" type=\"text\" name=\"industry\" \/><\/span>\n      <span class=\"wpcf7-form-control-wrap\" data-name=\"contact-person\"><input size=\"40\" maxlength=\"400\" class=\"wpcf7-form-control wpcf7-text wpcf7-validates-as-required c360-field\" aria-required=\"true\" aria-invalid=\"false\" placeholder=\"Contact person*\" value=\"\" type=\"text\" name=\"contact-person\" \/><\/span>\n    <\/div>\n\n    <div class=\"c360-grid c360-two\">\n      <span class=\"wpcf7-form-control-wrap\" data-name=\"contact-email\"><input size=\"40\" maxlength=\"400\" class=\"wpcf7-form-control wpcf7-email wpcf7-validates-as-required wpcf7-text wpcf7-validates-as-email c360-field\" aria-required=\"true\" aria-invalid=\"false\" placeholder=\"E-mail*\" value=\"\" type=\"email\" name=\"contact-email\" \/><\/span>\n      <span class=\"wpcf7-form-control-wrap\" data-name=\"contact-phone\"><input size=\"40\" maxlength=\"400\" class=\"wpcf7-form-control wpcf7-tel wpcf7-validates-as-required wpcf7-text wpcf7-validates-as-tel c360-field\" aria-required=\"true\" aria-invalid=\"false\" placeholder=\"Phone*\" value=\"\" type=\"tel\" name=\"contact-phone\" \/><\/span>\n    <\/div>\n\n    <div class=\"c360-grid c360-two\">\n      <span class=\"wpcf7-form-control-wrap\" data-name=\"fair-name\"><input size=\"40\" maxlength=\"400\" class=\"wpcf7-form-control wpcf7-text wpcf7-validates-as-required c360-field\" aria-required=\"true\" aria-invalid=\"false\" placeholder=\"Trade fair \/ event name*\" value=\"\" type=\"text\" name=\"fair-name\" \/><\/span>\n      <span class=\"wpcf7-form-control-wrap\" data-name=\"fair-place-date\"><input size=\"40\" maxlength=\"400\" class=\"wpcf7-form-control wpcf7-text c360-field\" aria-invalid=\"false\" placeholder=\"Event location and date\" value=\"\" type=\"text\" name=\"fair-place-date\" \/><\/span>\n    <\/div>\n\n    <span class=\"wpcf7-form-control-wrap\" data-name=\"hall-stand\"><input size=\"40\" maxlength=\"400\" class=\"wpcf7-form-control wpcf7-text c360-field\" aria-invalid=\"false\" placeholder=\"Hall and booth number (if known)\" value=\"\" type=\"text\" name=\"hall-stand\" \/><\/span>\n  <\/fieldset>\n\n  <!-- 2. Participation Goals -->\n  <fieldset class=\"c360-group\">\n    <legend>2. Participation Goals<\/legend>\n\n    <span class=\"wpcf7-form-control-wrap\" data-name=\"goals\"><span class=\"wpcf7-form-control wpcf7-checkbox c360-checklist\"><span class=\"wpcf7-list-item first\"><label><input type=\"checkbox\" name=\"goals[]\" value=\"Sales\" \/><span class=\"wpcf7-list-item-label\">Sales<\/span><\/label><\/span><span class=\"wpcf7-list-item\"><label><input type=\"checkbox\" name=\"goals[]\" value=\"Lead generation\" \/><span class=\"wpcf7-list-item-label\">Lead generation<\/span><\/label><\/span><span class=\"wpcf7-list-item\"><label><input type=\"checkbox\" name=\"goals[]\" value=\"Brand building\" \/><span class=\"wpcf7-list-item-label\">Brand building<\/span><\/label><\/span><span class=\"wpcf7-list-item\"><label><input type=\"checkbox\" name=\"goals[]\" value=\"Product presentation\" \/><span class=\"wpcf7-list-item-label\">Product presentation<\/span><\/label><\/span><span class=\"wpcf7-list-item last\"><label><input type=\"checkbox\" name=\"goals[]\" value=\"Other (specify below)\" \/><span class=\"wpcf7-list-item-label\">Other (specify below)<\/span><\/label><\/span><\/span><\/span>\n    <span class=\"wpcf7-form-control-wrap\" data-name=\"goals-notes\"><textarea cols=\"40\" rows=\"10\" maxlength=\"2000\" class=\"wpcf7-form-control wpcf7-textarea c360-field\" aria-invalid=\"false\" placeholder=\"Clarify your goals \/ additional information\" name=\"goals-notes\"><\/textarea><\/span>\n\n    <span class=\"wpcf7-form-control-wrap\" data-name=\"b2b\"><span class=\"wpcf7-form-control wpcf7-checkbox c360-checklist\"><span class=\"wpcf7-list-item first\"><label><input type=\"checkbox\" name=\"b2b[]\" value=\"B2B meetings\" \/><span class=\"wpcf7-list-item-label\">B2B meetings<\/span><\/label><\/span><span class=\"wpcf7-list-item\"><label><input type=\"checkbox\" name=\"b2b[]\" value=\"Presentations\" \/><span class=\"wpcf7-list-item-label\">Presentations<\/span><\/label><\/span><span class=\"wpcf7-list-item last\"><label><input type=\"checkbox\" name=\"b2b[]\" value=\"Live demonstrations\" \/><span class=\"wpcf7-list-item-label\">Live demonstrations<\/span><\/label><\/span><\/span><\/span>\n    <span class=\"wpcf7-form-control-wrap\" data-name=\"booth-expectations\"><textarea cols=\"40\" rows=\"10\" maxlength=\"2000\" class=\"wpcf7-form-control wpcf7-textarea c360-field\" aria-invalid=\"false\" placeholder=\"What are your expectations for the booth?\" name=\"booth-expectations\"><\/textarea><\/span>\n  <\/fieldset>\n\n  <!-- 3. Scope of Cooperation -->\n  <fieldset class=\"c360-group\">\n    <legend>3. Scope of Cooperation<\/legend>\n\n    <span class=\"wpcf7-form-control-wrap\" data-name=\"turnkey\"><span class=\"wpcf7-form-control wpcf7-radio c360-choices\"><span class=\"wpcf7-list-item first\"><label><input type=\"radio\" name=\"turnkey\" value=\"Turnkey booth (design, construction, equipment, logistics, documentation)\" checked=\"checked\" \/><span class=\"wpcf7-list-item-label\">Turnkey booth (design, construction, equipment, logistics, documentation)<\/span><\/label><\/span><span class=\"wpcf7-list-item last\"><label><input type=\"radio\" name=\"turnkey\" value=\"Partial scope (specify)\" \/><span class=\"wpcf7-list-item-label\">Partial scope (specify)<\/span><\/label><\/span><\/span><\/span>\n    <span class=\"wpcf7-form-control-wrap\" data-name=\"scope-notes\"><textarea cols=\"40\" rows=\"10\" maxlength=\"2000\" class=\"wpcf7-form-control wpcf7-textarea c360-field\" aria-invalid=\"false\" placeholder=\"If partial \u2013 what is on your side and what on ours?\" name=\"scope-notes\"><\/textarea><\/span>\n\n    <span class=\"wpcf7-form-control-wrap\" data-name=\"have-design\"><span class=\"wpcf7-form-control wpcf7-radio c360-choices\"><span class=\"wpcf7-list-item first\"><label><input type=\"radio\" name=\"have-design\" value=\"We already have a project\/concept\" \/><span class=\"wpcf7-list-item-label\">We already have a project\/concept<\/span><\/label><\/span><span class=\"wpcf7-list-item last\"><label><input type=\"radio\" name=\"have-design\" value=\"We need booth design preparation\" \/><span class=\"wpcf7-list-item-label\">We need booth design preparation<\/span><\/label><\/span><\/span><\/span>\n    <span class=\"wpcf7-form-control-wrap\" data-name=\"reuse\"><span class=\"wpcf7-form-control wpcf7-radio c360-choices\"><span class=\"wpcf7-list-item first\"><label><input type=\"radio\" name=\"reuse\" value=\"Single use\" \/><span class=\"wpcf7-list-item-label\">Single use<\/span><\/label><\/span><span class=\"wpcf7-list-item last\"><label><input type=\"radio\" name=\"reuse\" value=\"Reusable construction\" checked=\"checked\" \/><span class=\"wpcf7-list-item-label\">Reusable construction<\/span><\/label><\/span><\/span><\/span>\n  <\/fieldset>\n\n  <!-- 4. Booth Size and Type -->\n  <fieldset class=\"c360-group\">\n    <legend>4. Booth Size and Type<\/legend>\n\n    <div class=\"c360-grid c360-two\">\n      <span class=\"wpcf7-form-control-wrap\" data-name=\"area-size\"><input size=\"40\" maxlength=\"400\" class=\"wpcf7-form-control wpcf7-text c360-field\" aria-invalid=\"false\" placeholder=\"Booth area (m\u00b2)\" value=\"\" type=\"text\" name=\"area-size\" \/><\/span>\n      <span class=\"wpcf7-form-control-wrap\" data-name=\"booth-type\"><select class=\"wpcf7-form-control wpcf7-select c360-field\" aria-invalid=\"false\" name=\"booth-type\"><option value=\"Booth type\">Booth type<\/option><option value=\"Inline\">Inline<\/option><option value=\"Corner (2 open sides)\">Corner (2 open sides)<\/option><option value=\"Peninsula (3 open sides)\">Peninsula (3 open sides)<\/option><option value=\"Island (4 open sides)\">Island (4 open sides)<\/option><\/select><\/span>\n    <\/div>\n\n    <span class=\"wpcf7-form-control-wrap\" data-name=\"construction\"><span class=\"wpcf7-form-control wpcf7-radio c360-choices\"><span class=\"wpcf7-list-item first\"><label><input type=\"radio\" name=\"construction\" value=\"System construction\" \/><span class=\"wpcf7-list-item-label\">System construction<\/span><\/label><\/span><span class=\"wpcf7-list-item\"><label><input type=\"radio\" name=\"construction\" value=\"Custom-made booth (wood, MDF, etc.)\" \/><span class=\"wpcf7-list-item-label\">Custom-made booth (wood, MDF, etc.)<\/span><\/label><\/span><span class=\"wpcf7-list-item last\"><label><input type=\"radio\" name=\"construction\" value=\"Combination of solutions\" checked=\"checked\" \/><span class=\"wpcf7-list-item-label\">Combination of solutions<\/span><\/label><\/span><\/span><\/span>\n  <\/fieldset>\n\n  <!-- 5. Functional Elements -->\n  <fieldset class=\"c360-group\">\n    <legend>5. Functional Elements<\/legend>\n\n    <span class=\"wpcf7-form-control-wrap\" data-name=\"functions\"><span class=\"wpcf7-form-control wpcf7-checkbox c360-checklist\"><span class=\"wpcf7-list-item first\"><label><input type=\"checkbox\" name=\"functions[]\" value=\"Exhibition area\" \/><span class=\"wpcf7-list-item-label\">Exhibition area<\/span><\/label><\/span><span class=\"wpcf7-list-item\"><label><input type=\"checkbox\" name=\"functions[]\" value=\"Meeting \/ seating area\" \/><span class=\"wpcf7-list-item-label\">Meeting \/ seating area<\/span><\/label><\/span><span class=\"wpcf7-list-item\"><label><input type=\"checkbox\" name=\"functions[]\" value=\"Storage \/ backroom\" \/><span class=\"wpcf7-list-item-label\">Storage \/ backroom<\/span><\/label><\/span><span class=\"wpcf7-list-item\"><label><input type=\"checkbox\" name=\"functions[]\" value=\"Reception \/ counter\" \/><span class=\"wpcf7-list-item-label\">Reception \/ counter<\/span><\/label><\/span><span class=\"wpcf7-list-item\"><label><input type=\"checkbox\" name=\"functions[]\" value=\"Kitchen \/ coffee point \/ bar\" \/><span class=\"wpcf7-list-item-label\">Kitchen \/ coffee point \/ bar<\/span><\/label><\/span><span class=\"wpcf7-list-item\"><label><input type=\"checkbox\" name=\"functions[]\" value=\"Multimedia screens \/ LED\" \/><span class=\"wpcf7-list-item-label\">Multimedia screens \/ LED<\/span><\/label><\/span><span class=\"wpcf7-list-item last\"><label><input type=\"checkbox\" name=\"functions[]\" value=\"Other (specify below)\" \/><span class=\"wpcf7-list-item-label\">Other (specify below)<\/span><\/label><\/span><\/span><\/span>\n\n    <span class=\"wpcf7-form-control-wrap\" data-name=\"functions-notes\"><textarea cols=\"40\" rows=\"10\" maxlength=\"2000\" class=\"wpcf7-form-control wpcf7-textarea c360-field\" aria-invalid=\"false\" placeholder=\"What products\/services will be presented? Other elements?\" name=\"functions-notes\"><\/textarea><\/span>\n\n    <span class=\"wpcf7-form-control-wrap\" data-name=\"power-devices\"><textarea cols=\"40\" rows=\"10\" maxlength=\"2000\" class=\"wpcf7-form-control wpcf7-textarea c360-field\" aria-invalid=\"false\" placeholder=\"Devices requiring power \u2013 types, wattage, plugs, notes\" name=\"power-devices\"><\/textarea><\/span>\n  <\/fieldset>\n\n  <!-- 6. Utilities and Installations -->\n  <fieldset class=\"c360-group\">\n    <legend>6. Utilities and Installations<\/legend>\n\n    <div class=\"c360-grid c360-two\">\n      <span class=\"wpcf7-form-control-wrap\" data-name=\"power-kw\"><input size=\"40\" maxlength=\"400\" class=\"wpcf7-form-control wpcf7-text c360-field\" aria-invalid=\"false\" placeholder=\"Electricity \u2013 required power (kW)\" value=\"\" type=\"text\" name=\"power-kw\" \/><\/span>\n      <span class=\"wpcf7-form-control-wrap\" data-name=\"water\"><input size=\"40\" maxlength=\"400\" class=\"wpcf7-form-control wpcf7-text c360-field\" aria-invalid=\"false\" placeholder=\"Water \u2013 yes\/no + details\" value=\"\" type=\"text\" name=\"water\" \/><\/span>\n    <\/div>\n\n    <div class=\"c360-grid c360-two\">\n      <span class=\"wpcf7-form-control-wrap\" data-name=\"air\"><input size=\"40\" maxlength=\"400\" class=\"wpcf7-form-control wpcf7-text c360-field\" aria-invalid=\"false\" placeholder=\"Compressed air \u2013 yes\/no + details\" value=\"\" type=\"text\" name=\"air\" \/><\/span>\n      <span class=\"wpcf7-form-control-wrap\" data-name=\"internet\"><input size=\"40\" maxlength=\"400\" class=\"wpcf7-form-control wpcf7-text c360-field\" aria-invalid=\"false\" placeholder=\"Internet \/ LAN \u2013 yes\/no + details\" value=\"\" type=\"text\" name=\"internet\" \/><\/span>\n    <\/div>\n\n    <span class=\"wpcf7-form-control-wrap\" data-name=\"rigging\"><span class=\"wpcf7-form-control wpcf7-checkbox c360-checklist\"><span class=\"wpcf7-list-item first last\"><label><input type=\"checkbox\" name=\"rigging[]\" value=\"Suspended elements (rigging)\" \/><span class=\"wpcf7-list-item-label\">Suspended elements (rigging)<\/span><\/label><\/span><\/span><\/span>\n    <span class=\"wpcf7-form-control-wrap\" data-name=\"tech-req\"><textarea cols=\"40\" rows=\"10\" maxlength=\"2000\" class=\"wpcf7-form-control wpcf7-textarea c360-field\" aria-invalid=\"false\" placeholder=\"Static calculations \/ other technical requirements\" name=\"tech-req\"><\/textarea><\/span>\n  <\/fieldset>\n\n  <!-- 7. Design and Aesthetics -->\n  <fieldset class=\"c360-group\">\n    <legend>7. Design and Aesthetics<\/legend>\n\n    <span class=\"wpcf7-form-control-wrap\" data-name=\"brand-assets\"><span class=\"wpcf7-form-control wpcf7-checkbox c360-checklist\"><span class=\"wpcf7-list-item first last\"><label><input type=\"checkbox\" name=\"brand-assets[]\" value=\"We have CI (logo, colors, fonts) \u2013 will provide files\" \/><span class=\"wpcf7-list-item-label\">We have CI (logo, colors, fonts) \u2013 will provide files<\/span><\/label><\/span><\/span><\/span>\n    <span class=\"wpcf7-form-control-wrap\" data-name=\"style-prefs\"><textarea cols=\"40\" rows=\"10\" maxlength=\"2000\" class=\"wpcf7-form-control wpcf7-textarea c360-field\" aria-invalid=\"false\" placeholder=\"Preferred styles (e.g. modern, industrial, minimalist)\" name=\"style-prefs\"><\/textarea><\/span>\n    <span class=\"wpcf7-form-control-wrap\" data-name=\"inspirations\"><textarea cols=\"40\" rows=\"10\" maxlength=\"2000\" class=\"wpcf7-form-control wpcf7-textarea c360-field\" aria-invalid=\"false\" placeholder=\"Links\/inspirations for booths you like\" name=\"inspirations\"><\/textarea><\/span>\n    <span class=\"wpcf7-form-control-wrap\" data-name=\"materials\"><textarea cols=\"40\" rows=\"10\" maxlength=\"2000\" class=\"wpcf7-form-control wpcf7-textarea c360-field\" aria-invalid=\"false\" placeholder=\"Preferred colors, materials, textures (e.g. wood, glass, lighting effects)\" name=\"materials\"><\/textarea><\/span>\n    <span class=\"wpcf7-form-control-wrap\" data-name=\"media-lights\"><span class=\"wpcf7-form-control wpcf7-checkbox c360-checklist\"><span class=\"wpcf7-list-item first last\"><label><input type=\"checkbox\" name=\"media-lights[]\" value=\"Multimedia \/ lighting \/ visual effects elements\" \/><span class=\"wpcf7-list-item-label\">Multimedia \/ lighting \/ visual effects elements<\/span><\/label><\/span><\/span><\/span>\n  <\/fieldset>\n\n  <!-- 8. Materials Preparation -->\n  <fieldset class=\"c360-group\">\n    <legend>8. Materials Preparation<\/legend>\n\n    <span class=\"wpcf7-form-control-wrap\" data-name=\"graphics-ready\"><span class=\"wpcf7-form-control wpcf7-checkbox c360-checklist\"><span class=\"wpcf7-list-item first last\"><label><input type=\"checkbox\" name=\"graphics-ready[]\" value=\"We have graphic files (logos, photos, slogans)\" \/><span class=\"wpcf7-list-item-label\">We have graphic files (logos, photos, slogans)<\/span><\/label><\/span><\/span><\/span>\n    <span class=\"wpcf7-form-control-wrap\" data-name=\"materials-deadline\"><input size=\"40\" maxlength=\"400\" class=\"wpcf7-form-control wpcf7-text c360-field\" aria-invalid=\"false\" placeholder=\"Material delivery deadline (date)\" value=\"\" type=\"text\" name=\"materials-deadline\" \/><\/span>\n  <\/fieldset>\n\n  <!-- 9. Logistics and Formalities -->\n  <fieldset class=\"c360-group\">\n    <legend>9. Logistics and Formalities<\/legend>\n\n    <span class=\"wpcf7-form-control-wrap\" data-name=\"logistics-help\"><span class=\"wpcf7-form-control wpcf7-checkbox c360-checklist\"><span class=\"wpcf7-list-item first\"><label><input type=\"checkbox\" name=\"logistics-help[]\" value=\"Organizer forms\" \/><span class=\"wpcf7-list-item-label\">Organizer forms<\/span><\/label><\/span><span class=\"wpcf7-list-item\"><label><input type=\"checkbox\" name=\"logistics-help[]\" value=\"Booth design submission\" \/><span class=\"wpcf7-list-item-label\">Booth design submission<\/span><\/label><\/span><span class=\"wpcf7-list-item\"><label><input type=\"checkbox\" name=\"logistics-help[]\" value=\"Technical documentation (utilities, load, rigging)\" \/><span class=\"wpcf7-list-item-label\">Technical documentation (utilities, load, rigging)<\/span><\/label><\/span><span class=\"wpcf7-list-item last\"><label><input type=\"checkbox\" name=\"logistics-help[]\" value=\"Coordination of deliveries\/transport\/exhibit installation\" \/><span class=\"wpcf7-list-item-label\">Coordination of deliveries\/transport\/exhibit installation<\/span><\/label><\/span><\/span><\/span>\n\n    <span class=\"wpcf7-form-control-wrap\" data-name=\"transport-notes\"><textarea cols=\"40\" rows=\"10\" maxlength=\"2000\" class=\"wpcf7-form-control wpcf7-textarea c360-field\" aria-invalid=\"false\" placeholder=\"Transport of materials\/products \u2013 scope, notes\" name=\"transport-notes\"><\/textarea><\/span>\n  <\/fieldset>\n\n  <!-- 10. Budget and Deadlines -->\n  <fieldset class=\"c360-group\">\n    <legend>10. Budget and Deadlines<\/legend>\n\n    <div class=\"c360-grid c360-two\">\n      <span class=\"wpcf7-form-control-wrap\" data-name=\"budget\"><input size=\"40\" maxlength=\"400\" class=\"wpcf7-form-control wpcf7-text c360-field\" aria-invalid=\"false\" placeholder=\"Budget (net range)\" value=\"\" type=\"text\" name=\"budget\" \/><\/span>\n      <span class=\"wpcf7-form-control-wrap\" data-name=\"handover-date\"><input size=\"40\" maxlength=\"400\" class=\"wpcf7-form-control wpcf7-text c360-field\" aria-invalid=\"false\" placeholder=\"Booth ready-for-handover date\" value=\"\" type=\"text\" name=\"handover-date\" \/><\/span>\n    <\/div>\n    <span class=\"wpcf7-form-control-wrap\" data-name=\"deadlines\"><textarea cols=\"40\" rows=\"10\" maxlength=\"2000\" class=\"wpcf7-form-control wpcf7-textarea c360-field\" aria-invalid=\"false\" placeholder=\"Important deadlines \/ milestones\" name=\"deadlines\"><\/textarea><\/span>\n  <\/fieldset>\n\n  <!-- 11. Additional Notes -->\n  <fieldset class=\"c360-group\">\n    <legend>11. Additional Notes<\/legend>\n    <span class=\"wpcf7-form-control-wrap\" data-name=\"notes\"><textarea cols=\"40\" rows=\"10\" maxlength=\"2000\" class=\"wpcf7-form-control wpcf7-textarea c360-field\" aria-invalid=\"false\" placeholder=\"Other information useful for preparing the offer\" name=\"notes\"><\/textarea><\/span>\n  <\/fieldset>\n\n  <!-- GDPR Consent -->\n  <label class=\"c360-accept\">\n    <span class=\"wpcf7-form-control-wrap\" data-name=\"acceptance-brief\"><span class=\"wpcf7-form-control wpcf7-acceptance\"><span class=\"wpcf7-list-item\"><input type=\"checkbox\" name=\"acceptance-brief\" value=\"1\" aria-invalid=\"false\" \/><\/span><\/span><\/span>\n    <span>I consent to the processing of my personal data for the purpose of preparing an offer, in accordance with the\n      <a href=\"\/en\/privacy-policy\/\" target=\"_blank\" rel=\"noopener\">Privacy Policy<\/a> *.\n    <\/span>\n  <\/label>\n\n <label class=\"c360-accept\">\n    <span class=\"wpcf7-form-control-wrap\" data-name=\"acceptance-brief2\"><span class=\"wpcf7-form-control wpcf7-acceptance optional\"><span class=\"wpcf7-list-item\"><input type=\"checkbox\" name=\"acceptance-brief2\" value=\"1\" aria-invalid=\"false\" \/><\/span><\/span><\/span>\n    <span>I consent to the processing of my personal data by Eweld Expo Solutions Mateusz Kanikowski for marketing purposes. I have the right to access and edit my data.\n    <\/span>\n  <\/label>\n\n  <div class=\"c360-actions\">\n    <input class=\"wpcf7-form-control wpcf7-submit has-spinner c360-btn\" type=\"submit\" value=\"SEND BRIEF\" \/>\n  <\/div>\n\n<\/div><div class=\"wpcf7-response-output\" aria-hidden=\"true\"><\/div>\n<\/form>\n<\/div>\n\n<\/div>\n<\/div>\n\n\n\n<style>\/* --- sekcje\/fieldsety w briefe --- *\/\n\/* --- Wi\u0119cej przestrzeni w briefie --- *\/\n.c360-brief .c360-group {\n  margin: calc(var(--gap) * 1.5) 0;   \/* wi\u0119kszy odst\u0119p mi\u0119dzy sekcjami *\/\n}\n.c360-brief .c360-group > legend {\n  margin-bottom: 12px;                \/* wi\u0119cej luzu pod nag\u0142\u00f3wkiem *\/\n  font-size: 1.15rem;\n}\n\n\/* Odst\u0119p mi\u0119dzy polami tekstowymi\/textarea *\/\n.c360-brief .c360-field,\n.c360-brief .c360-textarea {\n  margin-top: 10px;\n  margin-bottom: 12px;\n}\n\n\/* --- Checkboxy i radio: w jednej linii obok siebie --- *\/\n.c360-checklist .wpcf7-list-item,\n.c360-choices .wpcf7-list-item {\n  display: inline-flex !important;\n  align-items: center;\n  gap: 8px;\n  margin: 6px 20px 6px 0;   \/* odst\u0119p prawo\/lewo mi\u0119dzy opcjami *\/\n  white-space: nowrap;      \/* nie \u0142am tekstu na kilka linii *\/\n}\n.c360-checklist input[type=\"checkbox\"],\n.c360-choices input[type=\"radio\"] {\n  width: 18px;\n  height: 18px;\n  margin: 0;\n  accent-color: var(--color-science-blue, #00A0E3);\n}\n\n<\/style>\n","protected":false},"excerpt":{"rendered":"<p>The following form is a set of essential questions that will help us better understand your needs and expectations regarding your exhibition stand. Based on this information, we will propose solutions fully tailored to your brand\u2019s character, the stand\u2019s functions, and your budget \u2013 both from a technical and visual perspective. Completing the brief may [&hellip;]<\/p>\n","protected":false},"author":1,"featured_media":0,"parent":0,"menu_order":0,"comment_status":"closed","ping_status":"closed","template":"","meta":{"_acf_changed":false,"inline_featured_image":false,"footnotes":""},"class_list":["post-1094","page","type-page","status-publish","hentry"],"acf":[],"_links":{"self":[{"href":"https:\/\/eweld.pl\/en\/wp-json\/wp\/v2\/pages\/1094","targetHints":{"allow":["GET"]}}],"collection":[{"href":"https:\/\/eweld.pl\/en\/wp-json\/wp\/v2\/pages"}],"about":[{"href":"https:\/\/eweld.pl\/en\/wp-json\/wp\/v2\/types\/page"}],"author":[{"embeddable":true,"href":"https:\/\/eweld.pl\/en\/wp-json\/wp\/v2\/users\/1"}],"replies":[{"embeddable":true,"href":"https:\/\/eweld.pl\/en\/wp-json\/wp\/v2\/comments?post=1094"}],"version-history":[{"count":5,"href":"https:\/\/eweld.pl\/en\/wp-json\/wp\/v2\/pages\/1094\/revisions"}],"predecessor-version":[{"id":2287,"href":"https:\/\/eweld.pl\/en\/wp-json\/wp\/v2\/pages\/1094\/revisions\/2287"}],"wp:attachment":[{"href":"https:\/\/eweld.pl\/en\/wp-json\/wp\/v2\/media?parent=1094"}],"curies":[{"name":"wp","href":"https:\/\/api.w.org\/{rel}","templated":true}]}}